{"id":353,"date":"2024-02-02T18:23:12","date_gmt":"2024-02-02T18:23:12","guid":{"rendered":"https:\/\/grwattsolutions.com\/?post_type=product&#038;p=353"},"modified":"2024-02-02T18:23:13","modified_gmt":"2024-02-02T18:23:13","slug":"pergola-basica-exterior","status":"publish","type":"product","link":"https:\/\/grwattsolutions.com\/index.php\/producto\/pergola-basica-exterior\/","title":{"rendered":"P\u00e9rgola b\u00e1sica exterior"},"content":{"rendered":"<p>La p\u00e9rgola de jard\u00edn exterior es un elemento esencial que fusiona estilo y utilidad en espacios al aire libre. Con su estructura abierta, brinda sombra y un ambiente encantador. Perfecta para crear \u00e1reas de descanso, cenas al aire libre o simplemente disfrutar de la naturaleza, mejora la est\u00e9tica y la funcionalidad del jard\u00edn.<\/p>\n","protected":false},"excerpt":{"rendered":"<p>La p\u00e9rgola de jard\u00edn exterior es un elemento esencial que fusiona estilo y utilidad en espacios al aire libre. Con su estructura abierta, brinda sombra y un ambiente encantador. Perfecta para crear \u00e1reas de descanso, cenas al aire libre o simplemente disfrutar de la naturaleza, mejora la est\u00e9tica y la funcionalidad del jard\u00edn.<\/p>\n","protected":false},"featured_media":354,"comment_status":"open","ping_status":"closed","template":"","meta":[],"product_cat":[16,27],"product_tag":[],"class_list":{"0":"post-353","1":"product","2":"type-product","3":"status-publish","4":"has-post-thumbnail","6":"product_cat-jardin","7":"product_cat-exterior","9":"first","10":"instock","11":"shipping-taxable","12":"product-type-simple"},"jetpack_sharing_enabled":true,"_links":{"self":[{"href":"https:\/\/grwattsolutions.com\/index.php\/wp-json\/wp\/v2\/product\/353"}],"collection":[{"href":"https:\/\/grwattsolutions.com\/index.php\/wp-json\/wp\/v2\/product"}],"about":[{"href":"https:\/\/grwattsolutions.com\/index.php\/wp-json\/wp\/v2\/types\/product"}],"replies":[{"embeddable":true,"href":"https:\/\/grwattsolutions.com\/index.php\/wp-json\/wp\/v2\/comments?post=353"}],"wp:featuredmedia":[{"embeddable":true,"href":"https:\/\/grwattsolutions.com\/index.php\/wp-json\/wp\/v2\/media\/354"}],"wp:attachment":[{"href":"https:\/\/grwattsolutions.com\/index.php\/wp-json\/wp\/v2\/media?parent=353"}],"wp:term":[{"taxonomy":"product_cat","embeddable":true,"href":"https:\/\/grwattsolutions.com\/index.php\/wp-json\/wp\/v2\/product_cat?post=353"},{"taxonomy":"product_tag","embeddable":true,"href":"https:\/\/grwattsolutions.com\/index.php\/wp-json\/wp\/v2\/product_tag?post=353"}],"curies":[{"name":"wp","href":"https:\/\/api.w.org\/{rel}","templated":true}]}}