{"id":325,"date":"2023-09-13T10:43:26","date_gmt":"2023-09-13T10:43:26","guid":{"rendered":"https:\/\/grwattsolutions.com\/?post_type=product&#038;p=325"},"modified":"2023-09-13T10:43:26","modified_gmt":"2023-09-13T10:43:26","slug":"p-boost-aptus","status":"publish","type":"product","link":"https:\/\/grwattsolutions.com\/index.php\/producto\/p-boost-aptus\/","title":{"rendered":"P Boost Aptus"},"content":{"rendered":"<p>P-Boost de Aptus es un potente suplemento para plantas dise\u00f1ado para estimular el crecimiento y la floraci\u00f3n. Su f\u00f3rmula \u00fanica y equilibrada proporciona nutrientes esenciales, vitaminas y amino\u00e1cidos que mejoran la salud de las plantas, aumentan la producci\u00f3n de flores y optimizan el rendimiento en el cultivo. Un aliado esencial para agricultores y jardineros.<\/p>\n","protected":false},"excerpt":{"rendered":"<p>P-Boost de Aptus es un potente suplemento para plantas dise\u00f1ado para estimular el crecimiento y la floraci\u00f3n. Su f\u00f3rmula \u00fanica y equilibrada proporciona nutrientes esenciales, vitaminas y amino\u00e1cidos que mejoran la salud de las plantas, aumentan la producci\u00f3n de flores y optimizan el rendimiento en el cultivo. Un aliado esencial para agricultores y jardineros.<\/p>\n","protected":false},"featured_media":328,"comment_status":"open","ping_status":"closed","template":"","meta":[],"product_cat":[16],"product_tag":[],"class_list":{"0":"post-325","1":"product","2":"type-product","3":"status-publish","4":"has-post-thumbnail","6":"product_cat-jardin","8":"first","9":"instock","10":"shipping-taxable","11":"product-type-simple"},"jetpack_sharing_enabled":true,"_links":{"self":[{"href":"https:\/\/grwattsolutions.com\/index.php\/wp-json\/wp\/v2\/product\/325"}],"collection":[{"href":"https:\/\/grwattsolutions.com\/index.php\/wp-json\/wp\/v2\/product"}],"about":[{"href":"https:\/\/grwattsolutions.com\/index.php\/wp-json\/wp\/v2\/types\/product"}],"replies":[{"embeddable":true,"href":"https:\/\/grwattsolutions.com\/index.php\/wp-json\/wp\/v2\/comments?post=325"}],"wp:featuredmedia":[{"embeddable":true,"href":"https:\/\/grwattsolutions.com\/index.php\/wp-json\/wp\/v2\/media\/328"}],"wp:attachment":[{"href":"https:\/\/grwattsolutions.com\/index.php\/wp-json\/wp\/v2\/media?parent=325"}],"wp:term":[{"taxonomy":"product_cat","embeddable":true,"href":"https:\/\/grwattsolutions.com\/index.php\/wp-json\/wp\/v2\/product_cat?post=325"},{"taxonomy":"product_tag","embeddable":true,"href":"https:\/\/grwattsolutions.com\/index.php\/wp-json\/wp\/v2\/product_tag?post=325"}],"curies":[{"name":"wp","href":"https:\/\/api.w.org\/{rel}","templated":true}]}}