{"id":272,"date":"2023-09-02T10:51:24","date_gmt":"2023-09-02T10:51:24","guid":{"rendered":"https:\/\/grwattsolutions.com\/?post_type=product&#038;p=272"},"modified":"2023-09-02T10:51:24","modified_gmt":"2023-09-02T10:51:24","slug":"bud-candy-advanced-nutrients","status":"publish","type":"product","link":"https:\/\/grwattsolutions.com\/index.php\/producto\/bud-candy-advanced-nutrients\/","title":{"rendered":"Bud Candy Advanced Nutrients"},"content":{"rendered":"<p>Bud Candy de Advanced Nutrients es un potenciador de sabor y aroma para cultivos de alto rendimiento. Este aditivo contiene carbohidratos y az\u00facares especiales que alimentan a las plantas durante la fase de floraci\u00f3n, mejorando la producci\u00f3n de resina, sabores y fragancias, lo que resulta en flores m\u00e1s dulces, densas y arom\u00e1ticas.<\/p>\n","protected":false},"excerpt":{"rendered":"<p>Bud Candy de Advanced Nutrients es un potenciador de sabor y aroma para cultivos de alto rendimiento. Este aditivo contiene carbohidratos y az\u00facares especiales que alimentan a las plantas durante la fase de floraci\u00f3n, mejorando la producci\u00f3n de resina, sabores y fragancias, lo que resulta en flores m\u00e1s dulces, densas y arom\u00e1ticas.<\/p>\n","protected":false},"featured_media":273,"comment_status":"open","ping_status":"closed","template":"","meta":[],"product_cat":[16],"product_tag":[],"class_list":{"0":"post-272","1":"product","2":"type-product","3":"status-publish","4":"has-post-thumbnail","6":"product_cat-jardin","8":"first","9":"instock","10":"shipping-taxable","11":"product-type-simple"},"jetpack_sharing_enabled":true,"_links":{"self":[{"href":"https:\/\/grwattsolutions.com\/index.php\/wp-json\/wp\/v2\/product\/272"}],"collection":[{"href":"https:\/\/grwattsolutions.com\/index.php\/wp-json\/wp\/v2\/product"}],"about":[{"href":"https:\/\/grwattsolutions.com\/index.php\/wp-json\/wp\/v2\/types\/product"}],"replies":[{"embeddable":true,"href":"https:\/\/grwattsolutions.com\/index.php\/wp-json\/wp\/v2\/comments?post=272"}],"wp:featuredmedia":[{"embeddable":true,"href":"https:\/\/grwattsolutions.com\/index.php\/wp-json\/wp\/v2\/media\/273"}],"wp:attachment":[{"href":"https:\/\/grwattsolutions.com\/index.php\/wp-json\/wp\/v2\/media?parent=272"}],"wp:term":[{"taxonomy":"product_cat","embeddable":true,"href":"https:\/\/grwattsolutions.com\/index.php\/wp-json\/wp\/v2\/product_cat?post=272"},{"taxonomy":"product_tag","embeddable":true,"href":"https:\/\/grwattsolutions.com\/index.php\/wp-json\/wp\/v2\/product_tag?post=272"}],"curies":[{"name":"wp","href":"https:\/\/api.w.org\/{rel}","templated":true}]}}