{"id":256,"date":"2023-09-02T10:05:36","date_gmt":"2023-09-02T10:05:36","guid":{"rendered":"https:\/\/grwattsolutions.com\/?post_type=product&#038;p=256"},"modified":"2023-09-02T10:05:36","modified_gmt":"2023-09-02T10:05:36","slug":"overdrive-advanced-nutrients","status":"publish","type":"product","link":"https:\/\/grwattsolutions.com\/index.php\/producto\/overdrive-advanced-nutrients\/","title":{"rendered":"Overdrive Advanced Nutrients"},"content":{"rendered":"<p>Overdrive de Advanced Nutrients es un estimulante de floraci\u00f3n dise\u00f1ado para llevar tus plantas a un nivel superior de producci\u00f3n. Este producto especializado proporciona nutrientes adicionales y aumenta la energ\u00eda de las plantas durante la fase de floraci\u00f3n, resultando en flores m\u00e1s grandes, densas y sabrosas, y cosechas de mayor calidad.<\/p>\n","protected":false},"excerpt":{"rendered":"<p>Overdrive de Advanced Nutrients es un estimulante de floraci\u00f3n dise\u00f1ado para llevar tus plantas a un nivel superior de producci\u00f3n. Este producto especializado proporciona nutrientes adicionales y aumenta la energ\u00eda de las plantas durante la fase de floraci\u00f3n, resultando en flores m\u00e1s grandes, densas y sabrosas, y cosechas de mayor calidad.<\/p>\n","protected":false},"featured_media":257,"comment_status":"open","ping_status":"closed","template":"","meta":[],"product_cat":[45],"product_tag":[],"class_list":{"0":"post-256","1":"product","2":"type-product","3":"status-publish","4":"has-post-thumbnail","6":"product_cat-advanced-nutrients","8":"first","9":"instock","10":"shipping-taxable","11":"product-type-simple"},"jetpack_sharing_enabled":true,"_links":{"self":[{"href":"https:\/\/grwattsolutions.com\/index.php\/wp-json\/wp\/v2\/product\/256"}],"collection":[{"href":"https:\/\/grwattsolutions.com\/index.php\/wp-json\/wp\/v2\/product"}],"about":[{"href":"https:\/\/grwattsolutions.com\/index.php\/wp-json\/wp\/v2\/types\/product"}],"replies":[{"embeddable":true,"href":"https:\/\/grwattsolutions.com\/index.php\/wp-json\/wp\/v2\/comments?post=256"}],"wp:featuredmedia":[{"embeddable":true,"href":"https:\/\/grwattsolutions.com\/index.php\/wp-json\/wp\/v2\/media\/257"}],"wp:attachment":[{"href":"https:\/\/grwattsolutions.com\/index.php\/wp-json\/wp\/v2\/media?parent=256"}],"wp:term":[{"taxonomy":"product_cat","embeddable":true,"href":"https:\/\/grwattsolutions.com\/index.php\/wp-json\/wp\/v2\/product_cat?post=256"},{"taxonomy":"product_tag","embeddable":true,"href":"https:\/\/grwattsolutions.com\/index.php\/wp-json\/wp\/v2\/product_tag?post=256"}],"curies":[{"name":"wp","href":"https:\/\/api.w.org\/{rel}","templated":true}]}}