{"id":243,"date":"2023-09-01T12:01:48","date_gmt":"2023-09-01T12:01:48","guid":{"rendered":"https:\/\/grwattsolutions.com\/?post_type=product&#038;p=243"},"modified":"2023-09-01T12:01:49","modified_gmt":"2023-09-01T12:01:49","slug":"bud-ignitor-advanced-nutrients","status":"publish","type":"product","link":"https:\/\/grwattsolutions.com\/index.php\/producto\/bud-ignitor-advanced-nutrients\/","title":{"rendered":"Bud Ignitor Advanced Nutrients"},"content":{"rendered":"<p>Bud Ignitor de Advanced Nutrients es un potente iniciador de floraci\u00f3n dise\u00f1ado para acelerar el proceso de desarrollo de cogollos en las plantas. Su f\u00f3rmula \u00fanica activa la fase de floraci\u00f3n temprana, aumentando la formaci\u00f3n de sitios de flores, lo que da como resultado cosechas m\u00e1s abundantes y un inicio de floraci\u00f3n m\u00e1s r\u00e1pido y vigoroso.<\/p>\n","protected":false},"excerpt":{"rendered":"<p>Bud Ignitor de Advanced Nutrients es un potente iniciador de floraci\u00f3n dise\u00f1ado para acelerar el proceso de desarrollo de cogollos en las plantas. Su f\u00f3rmula \u00fanica activa la fase de floraci\u00f3n temprana, aumentando la formaci\u00f3n de sitios de flores, lo que da como resultado cosechas m\u00e1s abundantes y un inicio de floraci\u00f3n m\u00e1s r\u00e1pido y<\/p>\n<div class=\"more-link\">\n\t\t\t\t <a href=\"https:\/\/grwattsolutions.com\/index.php\/producto\/bud-ignitor-advanced-nutrients\/\" class=\"btn theme-btn inverted\"><span>Leer m\u00e1s <\/span><\/a>\n\t\t\t<\/div>\n","protected":false},"featured_media":244,"comment_status":"open","ping_status":"closed","template":"","meta":[],"product_cat":[45],"product_tag":[],"class_list":{"0":"post-243","1":"product","2":"type-product","3":"status-publish","4":"has-post-thumbnail","6":"product_cat-advanced-nutrients","8":"first","9":"instock","10":"shipping-taxable","11":"product-type-simple"},"jetpack_sharing_enabled":true,"_links":{"self":[{"href":"https:\/\/grwattsolutions.com\/index.php\/wp-json\/wp\/v2\/product\/243"}],"collection":[{"href":"https:\/\/grwattsolutions.com\/index.php\/wp-json\/wp\/v2\/product"}],"about":[{"href":"https:\/\/grwattsolutions.com\/index.php\/wp-json\/wp\/v2\/types\/product"}],"replies":[{"embeddable":true,"href":"https:\/\/grwattsolutions.com\/index.php\/wp-json\/wp\/v2\/comments?post=243"}],"wp:featuredmedia":[{"embeddable":true,"href":"https:\/\/grwattsolutions.com\/index.php\/wp-json\/wp\/v2\/media\/244"}],"wp:attachment":[{"href":"https:\/\/grwattsolutions.com\/index.php\/wp-json\/wp\/v2\/media?parent=243"}],"wp:term":[{"taxonomy":"product_cat","embeddable":true,"href":"https:\/\/grwattsolutions.com\/index.php\/wp-json\/wp\/v2\/product_cat?post=243"},{"taxonomy":"product_tag","embeddable":true,"href":"https:\/\/grwattsolutions.com\/index.php\/wp-json\/wp\/v2\/product_tag?post=243"}],"curies":[{"name":"wp","href":"https:\/\/api.w.org\/{rel}","templated":true}]}}