{"id":216,"date":"2023-08-29T12:40:21","date_gmt":"2023-08-29T12:40:21","guid":{"rendered":"https:\/\/grwattsolutions.com\/?post_type=product&#038;p=216"},"modified":"2023-08-29T12:40:21","modified_gmt":"2023-08-29T12:40:21","slug":"semillas-cesped-repoblacion-express-compo","status":"publish","type":"product","link":"https:\/\/grwattsolutions.com\/index.php\/producto\/semillas-cesped-repoblacion-express-compo\/","title":{"rendered":"Semillas c\u00e9sped repoblaci\u00f3n express Compo"},"content":{"rendered":"<p>Las semillas Repoblaci\u00f3n Express de Compo ofrecen una soluci\u00f3n eficaz y r\u00e1pida para revitalizar espacios verdes. Esta mezcla de semillas de c\u00e9sped de alta calidad germina r\u00e1pidamente, cubriendo \u00e1reas con c\u00e9sped denso y resistente. Ideal para la regeneraci\u00f3n de jardines y terrenos, proporcionando resultados verdes en poco tiempo.<\/p>\n","protected":false},"excerpt":{"rendered":"<p>Las semillas Repoblaci\u00f3n Express de Compo ofrecen una soluci\u00f3n eficaz y r\u00e1pida para revitalizar espacios verdes. Esta mezcla de semillas de c\u00e9sped de alta calidad germina r\u00e1pidamente, cubriendo \u00e1reas con c\u00e9sped denso y resistente. Ideal para la regeneraci\u00f3n de jardines y terrenos, proporcionando resultados verdes en poco tiempo.<\/p>\n","protected":false},"featured_media":217,"comment_status":"open","ping_status":"closed","template":"","meta":[],"product_cat":[16,27],"product_tag":[],"class_list":{"0":"post-216","1":"product","2":"type-product","3":"status-publish","4":"has-post-thumbnail","6":"product_cat-jardin","7":"product_cat-exterior","9":"first","10":"instock","11":"shipping-taxable","12":"product-type-simple"},"jetpack_sharing_enabled":true,"_links":{"self":[{"href":"https:\/\/grwattsolutions.com\/index.php\/wp-json\/wp\/v2\/product\/216"}],"collection":[{"href":"https:\/\/grwattsolutions.com\/index.php\/wp-json\/wp\/v2\/product"}],"about":[{"href":"https:\/\/grwattsolutions.com\/index.php\/wp-json\/wp\/v2\/types\/product"}],"replies":[{"embeddable":true,"href":"https:\/\/grwattsolutions.com\/index.php\/wp-json\/wp\/v2\/comments?post=216"}],"wp:featuredmedia":[{"embeddable":true,"href":"https:\/\/grwattsolutions.com\/index.php\/wp-json\/wp\/v2\/media\/217"}],"wp:attachment":[{"href":"https:\/\/grwattsolutions.com\/index.php\/wp-json\/wp\/v2\/media?parent=216"}],"wp:term":[{"taxonomy":"product_cat","embeddable":true,"href":"https:\/\/grwattsolutions.com\/index.php\/wp-json\/wp\/v2\/product_cat?post=216"},{"taxonomy":"product_tag","embeddable":true,"href":"https:\/\/grwattsolutions.com\/index.php\/wp-json\/wp\/v2\/product_tag?post=216"}],"curies":[{"name":"wp","href":"https:\/\/api.w.org\/{rel}","templated":true}]}}