{"id":176,"date":"2023-06-23T16:27:19","date_gmt":"2023-06-23T16:27:19","guid":{"rendered":"https:\/\/grwattsolutions.com\/?post_type=product&#038;p=176"},"modified":"2023-06-23T16:28:43","modified_gmt":"2023-06-23T16:28:43","slug":"invernadero-propagador-dark-box","status":"publish","type":"product","link":"https:\/\/grwattsolutions.com\/index.php\/producto\/invernadero-propagador-dark-box\/","title":{"rendered":"Invernadero propagador Dark Box"},"content":{"rendered":"<p>El Invernadero propagador Dark Box es una soluci\u00f3n eficiente para la germinaci\u00f3n de semillas. Dise\u00f1ado con materiales opacos que bloquean la luz exterior, crea un ambiente ideal para el crecimiento de pl\u00e1ntulas. Con su control de temperatura y humedad, el Dark Box proporciona las condiciones \u00f3ptimas para un exitoso proceso de germinaci\u00f3n en un espacio compacto.<\/p>\n","protected":false},"excerpt":{"rendered":"<p>El Invernadero propagador Dark Box es una soluci\u00f3n eficiente para la germinaci\u00f3n de semillas. Dise\u00f1ado con materiales opacos que bloquean la luz exterior, crea un ambiente ideal para el crecimiento de pl\u00e1ntulas. Con su control de temperatura y humedad, el Dark Box proporciona las condiciones \u00f3ptimas para un exitoso proceso de germinaci\u00f3n en un espacio<\/p>\n<div class=\"more-link\">\n\t\t\t\t <a href=\"https:\/\/grwattsolutions.com\/index.php\/producto\/invernadero-propagador-dark-box\/\" class=\"btn theme-btn inverted\"><span>Leer m\u00e1s <\/span><\/a>\n\t\t\t<\/div>\n","protected":false},"featured_media":177,"comment_status":"open","ping_status":"closed","template":"","meta":[],"product_cat":[31,32],"product_tag":[],"class_list":{"0":"post-176","1":"product","2":"type-product","3":"status-publish","4":"has-post-thumbnail","6":"product_cat-invernaderos","7":"product_cat-propagadores","9":"first","10":"instock","11":"shipping-taxable","12":"product-type-simple"},"jetpack_sharing_enabled":true,"_links":{"self":[{"href":"https:\/\/grwattsolutions.com\/index.php\/wp-json\/wp\/v2\/product\/176"}],"collection":[{"href":"https:\/\/grwattsolutions.com\/index.php\/wp-json\/wp\/v2\/product"}],"about":[{"href":"https:\/\/grwattsolutions.com\/index.php\/wp-json\/wp\/v2\/types\/product"}],"replies":[{"embeddable":true,"href":"https:\/\/grwattsolutions.com\/index.php\/wp-json\/wp\/v2\/comments?post=176"}],"wp:featuredmedia":[{"embeddable":true,"href":"https:\/\/grwattsolutions.com\/index.php\/wp-json\/wp\/v2\/media\/177"}],"wp:attachment":[{"href":"https:\/\/grwattsolutions.com\/index.php\/wp-json\/wp\/v2\/media?parent=176"}],"wp:term":[{"taxonomy":"product_cat","embeddable":true,"href":"https:\/\/grwattsolutions.com\/index.php\/wp-json\/wp\/v2\/product_cat?post=176"},{"taxonomy":"product_tag","embeddable":true,"href":"https:\/\/grwattsolutions.com\/index.php\/wp-json\/wp\/v2\/product_tag?post=176"}],"curies":[{"name":"wp","href":"https:\/\/api.w.org\/{rel}","templated":true}]}}