{"id":142,"date":"2023-06-16T15:28:42","date_gmt":"2023-06-16T15:28:42","guid":{"rendered":"https:\/\/grwattsolutions.com\/?post_type=product&#038;p=142"},"modified":"2023-06-16T15:29:00","modified_gmt":"2023-06-16T15:29:00","slug":"led-zeus-600w-2-9-lumatek","status":"publish","type":"product","link":"https:\/\/grwattsolutions.com\/index.php\/producto\/led-zeus-600w-2-9-lumatek\/","title":{"rendered":"LED ZEUS 600W 2.9 Lumatek"},"content":{"rendered":"<p>El Zeus 600 de Lumatek es un potente sistema de iluminaci\u00f3n LED para cultivo indoor. Con una potencia de 600 vatios y una eficiencia energ\u00e9tica sobresaliente, brinda una intensidad lum\u00ednica \u00f3ptima para todas las etapas de crecimiento de las plantas. Su dise\u00f1o compacto y de espectro completo promueve un crecimiento vigoroso y una alta producci\u00f3n de flores.<\/p>\n","protected":false},"excerpt":{"rendered":"<p>El Zeus 600 de Lumatek es un potente sistema de iluminaci\u00f3n LED para cultivo indoor. Con una potencia de 600 vatios y una eficiencia energ\u00e9tica sobresaliente, brinda una intensidad lum\u00ednica \u00f3ptima para todas las etapas de crecimiento de las plantas. Su dise\u00f1o compacto y de espectro completo promueve un crecimiento vigoroso y una alta producci\u00f3n<\/p>\n<div class=\"more-link\">\n\t\t\t\t <a href=\"https:\/\/grwattsolutions.com\/index.php\/producto\/led-zeus-600w-2-9-lumatek\/\" class=\"btn theme-btn inverted\"><span>Leer m\u00e1s <\/span><\/a>\n\t\t\t<\/div>\n","protected":false},"featured_media":143,"comment_status":"open","ping_status":"closed","template":"","meta":[],"product_cat":[30,38],"product_tag":[],"class_list":{"0":"post-142","1":"product","2":"type-product","3":"status-publish","4":"has-post-thumbnail","6":"product_cat-iluminacion","7":"product_cat-iluminacion-led","9":"first","10":"instock","11":"shipping-taxable","12":"product-type-simple"},"jetpack_sharing_enabled":true,"_links":{"self":[{"href":"https:\/\/grwattsolutions.com\/index.php\/wp-json\/wp\/v2\/product\/142"}],"collection":[{"href":"https:\/\/grwattsolutions.com\/index.php\/wp-json\/wp\/v2\/product"}],"about":[{"href":"https:\/\/grwattsolutions.com\/index.php\/wp-json\/wp\/v2\/types\/product"}],"replies":[{"embeddable":true,"href":"https:\/\/grwattsolutions.com\/index.php\/wp-json\/wp\/v2\/comments?post=142"}],"wp:featuredmedia":[{"embeddable":true,"href":"https:\/\/grwattsolutions.com\/index.php\/wp-json\/wp\/v2\/media\/143"}],"wp:attachment":[{"href":"https:\/\/grwattsolutions.com\/index.php\/wp-json\/wp\/v2\/media?parent=142"}],"wp:term":[{"taxonomy":"product_cat","embeddable":true,"href":"https:\/\/grwattsolutions.com\/index.php\/wp-json\/wp\/v2\/product_cat?post=142"},{"taxonomy":"product_tag","embeddable":true,"href":"https:\/\/grwattsolutions.com\/index.php\/wp-json\/wp\/v2\/product_tag?post=142"}],"curies":[{"name":"wp","href":"https:\/\/api.w.org\/{rel}","templated":true}]}}