{"id":125,"date":"2023-06-16T10:32:50","date_gmt":"2023-06-16T10:32:50","guid":{"rendered":"https:\/\/grwattsolutions.com\/?post_type=product&#038;p=125"},"modified":"2023-06-16T10:32:51","modified_gmt":"2023-06-16T10:32:51","slug":"coco-high-porosity-atami-50l","status":"publish","type":"product","link":"https:\/\/grwattsolutions.com\/index.php\/producto\/coco-high-porosity-atami-50l\/","title":{"rendered":"Coco High Porosity Atami 50L"},"content":{"rendered":"","protected":false},"excerpt":{"rendered":"<p>El coco con perlita es una mezcla de sustrato utilizada en la jardiner\u00eda y la horticultura. Consiste en una combinaci\u00f3n de fibra de coco, que retiene la humedad y proporciona un drenaje adecuado, y perlita, que mejora la aireaci\u00f3n del suelo. Esta combinaci\u00f3n promueve un entorno \u00f3ptimo para el crecimiento saludable de las plantas.<\/p>\n","protected":false},"featured_media":126,"comment_status":"open","ping_status":"closed","template":"","meta":[],"product_cat":[35,34],"product_tag":[],"class_list":{"0":"post-125","1":"product","2":"type-product","3":"status-publish","4":"has-post-thumbnail","6":"product_cat-coco","7":"product_cat-sustratos","9":"first","10":"instock","11":"shipping-taxable","12":"product-type-simple"},"jetpack_sharing_enabled":true,"_links":{"self":[{"href":"https:\/\/grwattsolutions.com\/index.php\/wp-json\/wp\/v2\/product\/125"}],"collection":[{"href":"https:\/\/grwattsolutions.com\/index.php\/wp-json\/wp\/v2\/product"}],"about":[{"href":"https:\/\/grwattsolutions.com\/index.php\/wp-json\/wp\/v2\/types\/product"}],"replies":[{"embeddable":true,"href":"https:\/\/grwattsolutions.com\/index.php\/wp-json\/wp\/v2\/comments?post=125"}],"wp:featuredmedia":[{"embeddable":true,"href":"https:\/\/grwattsolutions.com\/index.php\/wp-json\/wp\/v2\/media\/126"}],"wp:attachment":[{"href":"https:\/\/grwattsolutions.com\/index.php\/wp-json\/wp\/v2\/media?parent=125"}],"wp:term":[{"taxonomy":"product_cat","embeddable":true,"href":"https:\/\/grwattsolutions.com\/index.php\/wp-json\/wp\/v2\/product_cat?post=125"},{"taxonomy":"product_tag","embeddable":true,"href":"https:\/\/grwattsolutions.com\/index.php\/wp-json\/wp\/v2\/product_tag?post=125"}],"curies":[{"name":"wp","href":"https:\/\/api.w.org\/{rel}","templated":true}]}}